{"id":7842,"date":"2019-11-29T12:28:31","date_gmt":"2019-11-29T11:28:31","guid":{"rendered":"https:\/\/egeszsegkucko.vtx.hu\/?page_id=7842"},"modified":"2023-06-23T17:22:02","modified_gmt":"2023-06-23T16:22:02","slug":"galeria","status":"publish","type":"page","link":"https:\/\/catwalk.mrzdevelopment.com\/?page_id=7842","title":{"rendered":"Gal\u00e9ria"},"content":{"rendered":"\t\t<div data-elementor-type=\"wp-page\" data-elementor-id=\"7842\" class=\"elementor elementor-7842\" data-elementor-settings=\"[]\">\n\t\t\t<div class=\"elementor-inner\">\n\t\t\t\t<div class=\"elementor-section-wrap\">\n\t\t\t\t\t\t\t<section class=\"elementor-element elementor-element-9a01a34 elementor-section-boxed elementor-section-height-default elementor-section-height-default elementor-section elementor-top-section\" data-id=\"9a01a34\" data-element_type=\"section\">\n\t\t\t\t\t\t<div class=\"elementor-container elementor-column-gap-default\">\n\t\t\t\t<div class=\"elementor-row\">\n\t\t\t\t<div class=\"elementor-element elementor-element-f622d77 elementor-column elementor-col-100 elementor-top-column\" data-id=\"f622d77\" data-element_type=\"column\">\n\t\t\t<div class=\"elementor-column-wrap  elementor-element-populated\">\n\t\t\t\t\t<div class=\"elementor-widget-wrap\">\n\t\t\t\t<div class=\"elementor-element elementor-element-f7da073 elementor-widget elementor-widget-image-gallery\" data-id=\"f7da073\" data-element_type=\"widget\" data-widget_type=\"image-gallery.default\">\n\t\t\t\t<div class=\"elementor-widget-container\">\n\t\t\t\t\t<div class=\"elementor-image-gallery\">\n\t\t\t<div id='gallery-1' class='gallery galleryid-7842 gallery-columns-4 gallery-size-medium'><figure class='gallery-item'>\n\t\t\t<div class='gallery-icon portrait'>\n\t\t\t\t<a data-elementor-open-lightbox=\"yes\" data-elementor-lightbox-slideshow=\"f7da073\" href='https:\/\/catwalk.mrzdevelopment.com\/wp-content\/uploads\/2023\/06\/catwalk-szalon.jpg'><img width=\"320\" height=\"400\" src=\"https:\/\/catwalk.mrzdevelopment.com\/wp-content\/uploads\/2023\/06\/catwalk-szalon-320x400.jpg\" class=\"attachment-medium size-medium\" alt=\"\" decoding=\"async\" loading=\"lazy\" srcset=\"https:\/\/catwalk.mrzdevelopment.com\/wp-content\/uploads\/2023\/06\/catwalk-szalon-320x400.jpg 320w, https:\/\/catwalk.mrzdevelopment.com\/wp-content\/uploads\/2023\/06\/catwalk-szalon-640x800.jpg 640w, https:\/\/catwalk.mrzdevelopment.com\/wp-content\/uploads\/2023\/06\/catwalk-szalon-768x960.jpg 768w, https:\/\/catwalk.mrzdevelopment.com\/wp-content\/uploads\/2023\/06\/catwalk-szalon.jpg 960w\" sizes=\"(max-width: 320px) 100vw, 320px\" \/><\/a>\n\t\t\t<\/div><\/figure><figure class='gallery-item'>\n\t\t\t<div class='gallery-icon portrait'>\n\t\t\t\t<a data-elementor-open-lightbox=\"yes\" data-elementor-lightbox-slideshow=\"f7da073\" href='https:\/\/catwalk.mrzdevelopment.com\/wp-content\/uploads\/2023\/06\/catwalk-szalon-1.jpg'><img width=\"320\" height=\"400\" src=\"https:\/\/catwalk.mrzdevelopment.com\/wp-content\/uploads\/2023\/06\/catwalk-szalon-1-320x400.jpg\" class=\"attachment-medium size-medium\" alt=\"\" decoding=\"async\" loading=\"lazy\" srcset=\"https:\/\/catwalk.mrzdevelopment.com\/wp-content\/uploads\/2023\/06\/catwalk-szalon-1-320x400.jpg 320w, https:\/\/catwalk.mrzdevelopment.com\/wp-content\/uploads\/2023\/06\/catwalk-szalon-1-640x800.jpg 640w, https:\/\/catwalk.mrzdevelopment.com\/wp-content\/uploads\/2023\/06\/catwalk-szalon-1-768x960.jpg 768w, https:\/\/catwalk.mrzdevelopment.com\/wp-content\/uploads\/2023\/06\/catwalk-szalon-1.jpg 960w\" sizes=\"(max-width: 320px) 100vw, 320px\" \/><\/a>\n\t\t\t<\/div><\/figure><figure class='gallery-item'>\n\t\t\t<div class='gallery-icon portrait'>\n\t\t\t\t<a data-elementor-open-lightbox=\"yes\" data-elementor-lightbox-slideshow=\"f7da073\" href='https:\/\/catwalk.mrzdevelopment.com\/wp-content\/uploads\/2023\/06\/catwalk-szalon-2.jpg'><img width=\"300\" height=\"400\" src=\"https:\/\/catwalk.mrzdevelopment.com\/wp-content\/uploads\/2023\/06\/catwalk-szalon-2-300x400.jpg\" class=\"attachment-medium size-medium\" alt=\"\" decoding=\"async\" loading=\"lazy\" srcset=\"https:\/\/catwalk.mrzdevelopment.com\/wp-content\/uploads\/2023\/06\/catwalk-szalon-2-300x400.jpg 300w, https:\/\/catwalk.mrzdevelopment.com\/wp-content\/uploads\/2023\/06\/catwalk-szalon-2-600x800.jpg 600w, https:\/\/catwalk.mrzdevelopment.com\/wp-content\/uploads\/2023\/06\/catwalk-szalon-2-768x1024.jpg 768w, https:\/\/catwalk.mrzdevelopment.com\/wp-content\/uploads\/2023\/06\/catwalk-szalon-2.jpg 900w\" sizes=\"(max-width: 300px) 100vw, 300px\" \/><\/a>\n\t\t\t<\/div><\/figure><figure class='gallery-item'>\n\t\t\t<div class='gallery-icon landscape'>\n\t\t\t\t<a data-elementor-open-lightbox=\"yes\" data-elementor-lightbox-slideshow=\"f7da073\" href='https:\/\/catwalk.mrzdevelopment.com\/wp-content\/uploads\/2023\/06\/orga-arctiszt\u00edt\u00e1s.jpg'><img width=\"290\" height=\"290\" src=\"https:\/\/catwalk.mrzdevelopment.com\/wp-content\/uploads\/2023\/06\/orga-arctiszt\u00edt\u00e1s.jpg\" class=\"attachment-medium size-medium\" alt=\"\" decoding=\"async\" loading=\"lazy\" srcset=\"https:\/\/catwalk.mrzdevelopment.com\/wp-content\/uploads\/2023\/06\/orga-arctiszt\u00edt\u00e1s.jpg 290w, https:\/\/catwalk.mrzdevelopment.com\/wp-content\/uploads\/2023\/06\/orga-arctiszt\u00edt\u00e1s-150x150.jpg 150w\" sizes=\"(max-width: 290px) 100vw, 290px\" \/><\/a>\n\t\t\t<\/div><\/figure><figure class='gallery-item'>\n\t\t\t<div class='gallery-icon landscape'>\n\t\t\t\t<a data-elementor-open-lightbox=\"yes\" data-elementor-lightbox-slideshow=\"f7da073\" href='https:\/\/catwalk.mrzdevelopment.com\/wp-content\/uploads\/2017\/10\/01-1-2.jpg'><img width=\"400\" height=\"267\" src=\"https:\/\/catwalk.mrzdevelopment.com\/wp-content\/uploads\/2017\/10\/01-1-2.jpg\" class=\"attachment-medium size-medium\" alt=\"\" decoding=\"async\" loading=\"lazy\" \/><\/a>\n\t\t\t<\/div><\/figure><figure class='gallery-item'>\n\t\t\t<div class='gallery-icon landscape'>\n\t\t\t\t<a data-elementor-open-lightbox=\"yes\" data-elementor-lightbox-slideshow=\"f7da073\" href='https:\/\/catwalk.mrzdevelopment.com\/wp-content\/uploads\/2017\/10\/06-1-1.jpg'><img width=\"400\" height=\"267\" src=\"https:\/\/catwalk.mrzdevelopment.com\/wp-content\/uploads\/2017\/10\/06-1-1.jpg\" class=\"attachment-medium size-medium\" alt=\"\" decoding=\"async\" loading=\"lazy\" \/><\/a>\n\t\t\t<\/div><\/figure><figure class='gallery-item'>\n\t\t\t<div class='gallery-icon landscape'>\n\t\t\t\t<a data-elementor-open-lightbox=\"yes\" data-elementor-lightbox-slideshow=\"f7da073\" href='https:\/\/catwalk.mrzdevelopment.com\/wp-content\/uploads\/2017\/10\/02-3.jpg'><img width=\"400\" height=\"267\" src=\"https:\/\/catwalk.mrzdevelopment.com\/wp-content\/uploads\/2017\/10\/02-3.jpg\" class=\"attachment-medium size-medium\" alt=\"\" decoding=\"async\" loading=\"lazy\" \/><\/a>\n\t\t\t<\/div><\/figure><figure class='gallery-item'>\n\t\t\t<div class='gallery-icon landscape'>\n\t\t\t\t<a data-elementor-open-lightbox=\"yes\" data-elementor-lightbox-slideshow=\"f7da073\" href='https:\/\/catwalk.mrzdevelopment.com\/wp-content\/uploads\/2023\/06\/jaderoll.jpg'><img width=\"400\" height=\"223\" src=\"https:\/\/catwalk.mrzdevelopment.com\/wp-content\/uploads\/2023\/06\/jaderoll-400x223.jpg\" class=\"attachment-medium size-medium\" alt=\"\" decoding=\"async\" loading=\"lazy\" srcset=\"https:\/\/catwalk.mrzdevelopment.com\/wp-content\/uploads\/2023\/06\/jaderoll-400x223.jpg 400w, https:\/\/catwalk.mrzdevelopment.com\/wp-content\/uploads\/2023\/06\/jaderoll.jpg 713w\" sizes=\"(max-width: 400px) 100vw, 400px\" \/><\/a>\n\t\t\t<\/div><\/figure><figure class='gallery-item'>\n\t\t\t<div class='gallery-icon landscape'>\n\t\t\t\t<a data-elementor-open-lightbox=\"yes\" data-elementor-lightbox-slideshow=\"f7da073\" href='https:\/\/catwalk.mrzdevelopment.com\/wp-content\/uploads\/2023\/06\/gyant\u00e1z\u00e1s-1.jpg'><img width=\"400\" height=\"207\" src=\"https:\/\/catwalk.mrzdevelopment.com\/wp-content\/uploads\/2023\/06\/gyant\u00e1z\u00e1s-1-400x207.jpg\" class=\"attachment-medium size-medium\" alt=\"\" decoding=\"async\" loading=\"lazy\" srcset=\"https:\/\/catwalk.mrzdevelopment.com\/wp-content\/uploads\/2023\/06\/gyant\u00e1z\u00e1s-1-400x207.jpg 400w, https:\/\/catwalk.mrzdevelopment.com\/wp-content\/uploads\/2023\/06\/gyant\u00e1z\u00e1s-1.jpg 722w\" sizes=\"(max-width: 400px) 100vw, 400px\" \/><\/a>\n\t\t\t<\/div><\/figure><figure class='gallery-item'>\n\t\t\t<div class='gallery-icon landscape'>\n\t\t\t\t<a data-elementor-open-lightbox=\"yes\" data-elementor-lightbox-slideshow=\"f7da073\" href='https:\/\/catwalk.mrzdevelopment.com\/wp-content\/uploads\/2023\/06\/eternal-glow.jpg'><img width=\"400\" height=\"400\" src=\"https:\/\/catwalk.mrzdevelopment.com\/wp-content\/uploads\/2023\/06\/eternal-glow-400x400.jpg\" class=\"attachment-medium size-medium\" alt=\"\" decoding=\"async\" loading=\"lazy\" srcset=\"https:\/\/catwalk.mrzdevelopment.com\/wp-content\/uploads\/2023\/06\/eternal-glow-400x400.jpg 400w, https:\/\/catwalk.mrzdevelopment.com\/wp-content\/uploads\/2023\/06\/eternal-glow-150x150.jpg 150w, https:\/\/catwalk.mrzdevelopment.com\/wp-content\/uploads\/2023\/06\/eternal-glow.jpg 470w\" sizes=\"(max-width: 400px) 100vw, 400px\" \/><\/a>\n\t\t\t<\/div><\/figure><figure class='gallery-item'>\n\t\t\t<div class='gallery-icon landscape'>\n\t\t\t\t<a data-elementor-open-lightbox=\"yes\" data-elementor-lightbox-slideshow=\"f7da073\" href='https:\/\/catwalk.mrzdevelopment.com\/wp-content\/uploads\/2023\/06\/alpha-oxy-led-spa-2.jpg'><img width=\"400\" height=\"320\" src=\"https:\/\/catwalk.mrzdevelopment.com\/wp-content\/uploads\/2023\/06\/alpha-oxy-led-spa-2-400x320.jpg\" class=\"attachment-medium size-medium\" alt=\"\" decoding=\"async\" loading=\"lazy\" srcset=\"https:\/\/catwalk.mrzdevelopment.com\/wp-content\/uploads\/2023\/06\/alpha-oxy-led-spa-2-400x320.jpg 400w, https:\/\/catwalk.mrzdevelopment.com\/wp-content\/uploads\/2023\/06\/alpha-oxy-led-spa-2-1000x800.jpg 1000w, https:\/\/catwalk.mrzdevelopment.com\/wp-content\/uploads\/2023\/06\/alpha-oxy-led-spa-2-768x614.jpg 768w, https:\/\/catwalk.mrzdevelopment.com\/wp-content\/uploads\/2023\/06\/alpha-oxy-led-spa-2.jpg 1200w\" sizes=\"(max-width: 400px) 100vw, 400px\" \/><\/a>\n\t\t\t<\/div><\/figure><figure class='gallery-item'>\n\t\t\t<div class='gallery-icon landscape'>\n\t\t\t\t<a data-elementor-open-lightbox=\"yes\" data-elementor-lightbox-slideshow=\"f7da073\" href='https:\/\/catwalk.mrzdevelopment.com\/wp-content\/uploads\/2023\/06\/gyant\u00e1z\u00e1s-2.jpg'><img width=\"384\" height=\"384\" src=\"https:\/\/catwalk.mrzdevelopment.com\/wp-content\/uploads\/2023\/06\/gyant\u00e1z\u00e1s-2.jpg\" class=\"attachment-medium size-medium\" alt=\"\" decoding=\"async\" loading=\"lazy\" srcset=\"https:\/\/catwalk.mrzdevelopment.com\/wp-content\/uploads\/2023\/06\/gyant\u00e1z\u00e1s-2.jpg 384w, https:\/\/catwalk.mrzdevelopment.com\/wp-content\/uploads\/2023\/06\/gyant\u00e1z\u00e1s-2-150x150.jpg 150w\" sizes=\"(max-width: 384px) 100vw, 384px\" \/><\/a>\n\t\t\t<\/div><\/figure><figure class='gallery-item'>\n\t\t\t<div class='gallery-icon landscape'>\n\t\t\t\t<a data-elementor-open-lightbox=\"yes\" data-elementor-lightbox-slideshow=\"f7da073\" href='https:\/\/catwalk.mrzdevelopment.com\/wp-content\/uploads\/2023\/06\/alpha-oxy-led-spa-1.jpg'><img width=\"400\" height=\"320\" src=\"https:\/\/catwalk.mrzdevelopment.com\/wp-content\/uploads\/2023\/06\/alpha-oxy-led-spa-1-400x320.jpg\" class=\"attachment-medium size-medium\" alt=\"\" decoding=\"async\" loading=\"lazy\" srcset=\"https:\/\/catwalk.mrzdevelopment.com\/wp-content\/uploads\/2023\/06\/alpha-oxy-led-spa-1-400x320.jpg 400w, https:\/\/catwalk.mrzdevelopment.com\/wp-content\/uploads\/2023\/06\/alpha-oxy-led-spa-1-1000x800.jpg 1000w, https:\/\/catwalk.mrzdevelopment.com\/wp-content\/uploads\/2023\/06\/alpha-oxy-led-spa-1-768x614.jpg 768w, https:\/\/catwalk.mrzdevelopment.com\/wp-content\/uploads\/2023\/06\/alpha-oxy-led-spa-1.jpg 1200w\" sizes=\"(max-width: 400px) 100vw, 400px\" \/><\/a>\n\t\t\t<\/div><\/figure><figure class='gallery-item'>\n\t\t\t<div class='gallery-icon landscape'>\n\t\t\t\t<a data-elementor-open-lightbox=\"yes\" data-elementor-lightbox-slideshow=\"f7da073\" href='https:\/\/catwalk.mrzdevelopment.com\/wp-content\/uploads\/2023\/06\/t\u0171-n\u00e9lk\u00fcli-mezoter\u00e1pia-scaled.jpg'><img width=\"400\" height=\"267\" src=\"https:\/\/catwalk.mrzdevelopment.com\/wp-content\/uploads\/2023\/06\/t\u0171-n\u00e9lk\u00fcli-mezoter\u00e1pia-400x267.jpg\" class=\"attachment-medium size-medium\" alt=\"\" decoding=\"async\" loading=\"lazy\" srcset=\"https:\/\/catwalk.mrzdevelopment.com\/wp-content\/uploads\/2023\/06\/t\u0171-n\u00e9lk\u00fcli-mezoter\u00e1pia-400x267.jpg 400w, https:\/\/catwalk.mrzdevelopment.com\/wp-content\/uploads\/2023\/06\/t\u0171-n\u00e9lk\u00fcli-mezoter\u00e1pia-1200x800.jpg 1200w, https:\/\/catwalk.mrzdevelopment.com\/wp-content\/uploads\/2023\/06\/t\u0171-n\u00e9lk\u00fcli-mezoter\u00e1pia-768x512.jpg 768w, https:\/\/catwalk.mrzdevelopment.com\/wp-content\/uploads\/2023\/06\/t\u0171-n\u00e9lk\u00fcli-mezoter\u00e1pia-1536x1024.jpg 1536w, https:\/\/catwalk.mrzdevelopment.com\/wp-content\/uploads\/2023\/06\/t\u0171-n\u00e9lk\u00fcli-mezoter\u00e1pia-2048x1365.jpg 2048w\" sizes=\"(max-width: 400px) 100vw, 400px\" \/><\/a>\n\t\t\t<\/div><\/figure><figure class='gallery-item'>\n\t\t\t<div class='gallery-icon landscape'>\n\t\t\t\t<a data-elementor-open-lightbox=\"yes\" data-elementor-lightbox-slideshow=\"f7da073\" href='https:\/\/catwalk.mrzdevelopment.com\/wp-content\/uploads\/2023\/06\/szempilla-lifting-1.jpg'><img width=\"400\" height=\"299\" src=\"https:\/\/catwalk.mrzdevelopment.com\/wp-content\/uploads\/2023\/06\/szempilla-lifting-1-400x299.jpg\" class=\"attachment-medium size-medium\" alt=\"\" decoding=\"async\" loading=\"lazy\" srcset=\"https:\/\/catwalk.mrzdevelopment.com\/wp-content\/uploads\/2023\/06\/szempilla-lifting-1-400x299.jpg 400w, https:\/\/catwalk.mrzdevelopment.com\/wp-content\/uploads\/2023\/06\/szempilla-lifting-1-1069x800.jpg 1069w, https:\/\/catwalk.mrzdevelopment.com\/wp-content\/uploads\/2023\/06\/szempilla-lifting-1-768x575.jpg 768w, https:\/\/catwalk.mrzdevelopment.com\/wp-content\/uploads\/2023\/06\/szempilla-lifting-1-1536x1150.jpg 1536w, https:\/\/catwalk.mrzdevelopment.com\/wp-content\/uploads\/2023\/06\/szempilla-lifting-1-2048x1533.jpg 2048w\" sizes=\"(max-width: 400px) 100vw, 400px\" \/><\/a>\n\t\t\t<\/div><\/figure><figure class='gallery-item'>\n\t\t\t<div class='gallery-icon landscape'>\n\t\t\t\t<a data-elementor-open-lightbox=\"yes\" data-elementor-lightbox-slideshow=\"f7da073\" href='https:\/\/catwalk.mrzdevelopment.com\/wp-content\/uploads\/2023\/06\/s\u00fct\u0151t\u00f6k.jpg'><img width=\"400\" height=\"299\" src=\"https:\/\/catwalk.mrzdevelopment.com\/wp-content\/uploads\/2023\/06\/s\u00fct\u0151t\u00f6k-400x299.jpg\" class=\"attachment-medium size-medium\" alt=\"\" decoding=\"async\" loading=\"lazy\" srcset=\"https:\/\/catwalk.mrzdevelopment.com\/wp-content\/uploads\/2023\/06\/s\u00fct\u0151t\u00f6k-400x299.jpg 400w, https:\/\/catwalk.mrzdevelopment.com\/wp-content\/uploads\/2023\/06\/s\u00fct\u0151t\u00f6k.jpg 512w\" sizes=\"(max-width: 400px) 100vw, 400px\" \/><\/a>\n\t\t\t<\/div><\/figure><figure class='gallery-item'>\n\t\t\t<div class='gallery-icon landscape'>\n\t\t\t\t<a data-elementor-open-lightbox=\"yes\" data-elementor-lightbox-slideshow=\"f7da073\" href='https:\/\/catwalk.mrzdevelopment.com\/wp-content\/uploads\/2023\/06\/R\u00e1diofrekvencia-test-2.jpg'><img width=\"400\" height=\"300\" src=\"https:\/\/catwalk.mrzdevelopment.com\/wp-content\/uploads\/2023\/06\/R\u00e1diofrekvencia-test-2-400x300.jpg\" class=\"attachment-medium size-medium\" alt=\"\" decoding=\"async\" loading=\"lazy\" srcset=\"https:\/\/catwalk.mrzdevelopment.com\/wp-content\/uploads\/2023\/06\/R\u00e1diofrekvencia-test-2-400x300.jpg 400w, https:\/\/catwalk.mrzdevelopment.com\/wp-content\/uploads\/2023\/06\/R\u00e1diofrekvencia-test-2-1067x800.jpg 1067w, https:\/\/catwalk.mrzdevelopment.com\/wp-content\/uploads\/2023\/06\/R\u00e1diofrekvencia-test-2-768x576.jpg 768w, https:\/\/catwalk.mrzdevelopment.com\/wp-content\/uploads\/2023\/06\/R\u00e1diofrekvencia-test-2-1536x1152.jpg 1536w, https:\/\/catwalk.mrzdevelopment.com\/wp-content\/uploads\/2023\/06\/R\u00e1diofrekvencia-test-2.jpg 1600w\" sizes=\"(max-width: 400px) 100vw, 400px\" \/><\/a>\n\t\t\t<\/div><\/figure><figure class='gallery-item'>\n\t\t\t<div class='gallery-icon portrait'>\n\t\t\t\t<a data-elementor-open-lightbox=\"yes\" data-elementor-lightbox-slideshow=\"f7da073\" href='https:\/\/catwalk.mrzdevelopment.com\/wp-content\/uploads\/2023\/06\/R\u00e1diofrekvencia-test-1.jpg'><img width=\"320\" height=\"400\" src=\"https:\/\/catwalk.mrzdevelopment.com\/wp-content\/uploads\/2023\/06\/R\u00e1diofrekvencia-test-1-320x400.jpg\" class=\"attachment-medium size-medium\" alt=\"\" decoding=\"async\" loading=\"lazy\" srcset=\"https:\/\/catwalk.mrzdevelopment.com\/wp-content\/uploads\/2023\/06\/R\u00e1diofrekvencia-test-1-320x400.jpg 320w, https:\/\/catwalk.mrzdevelopment.com\/wp-content\/uploads\/2023\/06\/R\u00e1diofrekvencia-test-1-640x800.jpg 640w, https:\/\/catwalk.mrzdevelopment.com\/wp-content\/uploads\/2023\/06\/R\u00e1diofrekvencia-test-1-768x960.jpg 768w, https:\/\/catwalk.mrzdevelopment.com\/wp-content\/uploads\/2023\/06\/R\u00e1diofrekvencia-test-1.jpg 960w\" sizes=\"(max-width: 320px) 100vw, 320px\" \/><\/a>\n\t\t\t<\/div><\/figure><figure class='gallery-item'>\n\t\t\t<div class='gallery-icon landscape'>\n\t\t\t\t<a data-elementor-open-lightbox=\"yes\" data-elementor-lightbox-slideshow=\"f7da073\" href='https:\/\/catwalk.mrzdevelopment.com\/wp-content\/uploads\/2023\/06\/R\u00e1diofrekvencia-arc.jpg'><img width=\"400\" height=\"349\" src=\"https:\/\/catwalk.mrzdevelopment.com\/wp-content\/uploads\/2023\/06\/R\u00e1diofrekvencia-arc-400x349.jpg\" class=\"attachment-medium size-medium\" alt=\"\" decoding=\"async\" loading=\"lazy\" srcset=\"https:\/\/catwalk.mrzdevelopment.com\/wp-content\/uploads\/2023\/06\/R\u00e1diofrekvencia-arc-400x349.jpg 400w, https:\/\/catwalk.mrzdevelopment.com\/wp-content\/uploads\/2023\/06\/R\u00e1diofrekvencia-arc-917x800.jpg 917w, https:\/\/catwalk.mrzdevelopment.com\/wp-content\/uploads\/2023\/06\/R\u00e1diofrekvencia-arc-768x670.jpg 768w, https:\/\/catwalk.mrzdevelopment.com\/wp-content\/uploads\/2023\/06\/R\u00e1diofrekvencia-arc-1536x1340.jpg 1536w, https:\/\/catwalk.mrzdevelopment.com\/wp-content\/uploads\/2023\/06\/R\u00e1diofrekvencia-arc.jpg 1720w\" sizes=\"(max-width: 400px) 100vw, 400px\" \/><\/a>\n\t\t\t<\/div><\/figure>\n\t\t<\/div>\n\t\t<\/div>\n\t\t\t\t<\/div>\n\t\t\t\t<\/div>\n\t\t\t\t\t\t<\/div>\n\t\t\t<\/div>\n\t\t<\/div>\n\t\t\t\t\t\t<\/div>\n\t\t\t<\/div>\n\t\t<\/section>\n\t\t\t\t\t\t<\/div>\n\t\t\t<\/div>\n\t\t<\/div>\n\t\t","protected":false},"excerpt":{"rendered":"","protected":false},"author":1,"featured_media":0,"parent":0,"menu_order":0,"comment_status":"closed","ping_status":"closed","template":"","meta":[],"_links":{"self":[{"href":"https:\/\/catwalk.mrzdevelopment.com\/index.php?rest_route=\/wp\/v2\/pages\/7842"}],"collection":[{"href":"https:\/\/catwalk.mrzdevelopment.com\/index.php?rest_route=\/wp\/v2\/pages"}],"about":[{"href":"https:\/\/catwalk.mrzdevelopment.com\/index.php?rest_route=\/wp\/v2\/types\/page"}],"author":[{"embeddable":true,"href":"https:\/\/catwalk.mrzdevelopment.com\/index.php?rest_route=\/wp\/v2\/users\/1"}],"replies":[{"embeddable":true,"href":"https:\/\/catwalk.mrzdevelopment.com\/index.php?rest_route=%2Fwp%2Fv2%2Fcomments&post=7842"}],"version-history":[{"count":15,"href":"https:\/\/catwalk.mrzdevelopment.com\/index.php?rest_route=\/wp\/v2\/pages\/7842\/revisions"}],"predecessor-version":[{"id":8014,"href":"https:\/\/catwalk.mrzdevelopment.com\/index.php?rest_route=\/wp\/v2\/pages\/7842\/revisions\/8014"}],"wp:attachment":[{"href":"https:\/\/catwalk.mrzdevelopment.com\/index.php?rest_route=%2Fwp%2Fv2%2Fmedia&parent=7842"}],"curies":[{"name":"wp","href":"https:\/\/api.w.org\/{rel}","templated":true}]}}